{"id":44958,"date":"2021-07-14T18:49:42","date_gmt":"2021-07-14T16:49:42","guid":{"rendered":"https:\/\/partner.proxess.de\/?page_id=44958"},"modified":"2023-11-03T10:11:19","modified_gmt":"2023-11-03T09:11:19","slug":"habel-dms-knowledgebase","status":"publish","type":"page","link":"https:\/\/partner.proxess.de\/en\/consulting\/habel-dms-knowledgebase\/","title":{"rendered":"Knowledge base for HABEL DMS and abas DMS Gen. 1"},"content":{"rendered":"You must be logged in to view this content.","protected":false},"excerpt":{"rendered":"You must be logged in to view this content.","protected":false},"author":274,"featured_media":0,"parent":44890,"menu_order":50,"comment_status":"closed","ping_status":"closed","template":"","meta":{"footnotes":""},"class_list":["post-44958","page","type-page","status-publish","hentry"],"yoast_head":"<!-- This site is optimized with the Yoast SEO plugin v27.2 - https:\/\/yoast.com\/product\/yoast-seo-wordpress\/ -->\n<title>Knowledge base for HABEL DMS and abas DMS Gen. 1 - PROXESS Partnerportal<\/title>\n<meta name=\"robots\" content=\"noindex, follow, max-snippet:-1, max-image-preview:large, max-video-preview:-1\" \/>\n<meta property=\"og:locale\" content=\"en_US\" \/>\n<meta property=\"og:type\" content=\"article\" \/>\n<meta property=\"og:title\" content=\"Knowledge base for HABEL DMS and abas DMS Gen. 1 - PROXESS Partnerportal\" \/>\n<meta property=\"og:description\" content=\"Der Zugriff auf diese Seite ist nur f\u00fcr registrierte Benutzer m\u00f6glich. Sollten Sie als PROXESS Partner noch keine Zugangsdaten haben, k\u00f6nnen Sie diese hier beantragen: Hier registrierenExisting Users Log InUsername [...]\" \/>\n<meta property=\"og:url\" content=\"https:\/\/partner.proxess.de\/de\/technik\/habel-dms-knowledgebase\/\" \/>\n<meta property=\"og:site_name\" content=\"PROXESS Partnerportal\" \/>\n<meta property=\"article:modified_time\" content=\"2023-11-03T09:11:19+00:00\" \/>\n<meta name=\"twitter:card\" content=\"summary_large_image\" \/>\n<meta name=\"twitter:label1\" content=\"Est. reading time\" \/>\n\t<meta name=\"twitter:data1\" content=\"4 minutes\" \/>\n<script type=\"application\/ld+json\" class=\"yoast-schema-graph\">{\"@context\":\"https:\/\/schema.org\",\"@graph\":[{\"@type\":\"WebPage\",\"@id\":\"https:\/\/partner.proxess.de\/de\/technik\/habel-dms-knowledgebase\/\",\"url\":\"https:\/\/partner.proxess.de\/de\/technik\/habel-dms-knowledgebase\/\",\"name\":\"Knowledge base for HABEL DMS and abas DMS Gen. 1 - PROXESS Partnerportal\",\"isPartOf\":{\"@id\":\"https:\/\/partner.proxess.de\/de\/#website\"},\"datePublished\":\"2021-07-14T16:49:42+00:00\",\"dateModified\":\"2023-11-03T09:11:19+00:00\",\"breadcrumb\":{\"@id\":\"https:\/\/partner.proxess.de\/de\/technik\/habel-dms-knowledgebase\/#breadcrumb\"},\"inLanguage\":\"en-US\",\"potentialAction\":[{\"@type\":\"ReadAction\",\"target\":[\"https:\/\/partner.proxess.de\/de\/technik\/habel-dms-knowledgebase\/\"]}]},{\"@type\":\"BreadcrumbList\",\"@id\":\"https:\/\/partner.proxess.de\/de\/technik\/habel-dms-knowledgebase\/#breadcrumb\",\"itemListElement\":[{\"@type\":\"ListItem\",\"position\":1,\"name\":\"Start\",\"item\":\"https:\/\/partner.proxess.de\/de\/\"},{\"@type\":\"ListItem\",\"position\":2,\"name\":\"Consulting\",\"item\":\"https:\/\/partner.proxess.de\/de\/technik\/\"},{\"@type\":\"ListItem\",\"position\":3,\"name\":\"Knowledge base for HABEL DMS and abas DMS Gen. 1\"}]},{\"@type\":\"WebSite\",\"@id\":\"https:\/\/partner.proxess.de\/de\/#website\",\"url\":\"https:\/\/partner.proxess.de\/de\/\",\"name\":\"PROXESS Partnerportal\",\"description\":\"Welcome to team PROXESS\",\"potentialAction\":[{\"@type\":\"SearchAction\",\"target\":{\"@type\":\"EntryPoint\",\"urlTemplate\":\"https:\/\/partner.proxess.de\/de\/?s={search_term_string}\"},\"query-input\":{\"@type\":\"PropertyValueSpecification\",\"valueRequired\":true,\"valueName\":\"search_term_string\"}}],\"inLanguage\":\"en-US\"}]}<\/script>\n<!-- \/ Yoast SEO plugin. -->","yoast_head_json":{"title":"Knowledge base for HABEL DMS and abas DMS Gen. 1 - PROXESS Partnerportal","robots":{"index":"noindex","follow":"follow","max-snippet":"max-snippet:-1","max-image-preview":"max-image-preview:large","max-video-preview":"max-video-preview:-1"},"og_locale":"en_US","og_type":"article","og_title":"Knowledge base for HABEL DMS and abas DMS Gen. 1 - PROXESS Partnerportal","og_description":"Der Zugriff auf diese Seite ist nur f\u00fcr registrierte Benutzer m\u00f6glich. Sollten Sie als PROXESS Partner noch keine Zugangsdaten haben, k\u00f6nnen Sie diese hier beantragen: Hier registrierenExisting Users Log InUsername [...]","og_url":"https:\/\/partner.proxess.de\/de\/technik\/habel-dms-knowledgebase\/","og_site_name":"PROXESS Partnerportal","article_modified_time":"2023-11-03T09:11:19+00:00","twitter_card":"summary_large_image","twitter_misc":{"Est. reading time":"4 minutes"},"schema":{"@context":"https:\/\/schema.org","@graph":[{"@type":"WebPage","@id":"https:\/\/partner.proxess.de\/de\/technik\/habel-dms-knowledgebase\/","url":"https:\/\/partner.proxess.de\/de\/technik\/habel-dms-knowledgebase\/","name":"Knowledge base for HABEL DMS and abas DMS Gen. 1 - PROXESS Partnerportal","isPartOf":{"@id":"https:\/\/partner.proxess.de\/de\/#website"},"datePublished":"2021-07-14T16:49:42+00:00","dateModified":"2023-11-03T09:11:19+00:00","breadcrumb":{"@id":"https:\/\/partner.proxess.de\/de\/technik\/habel-dms-knowledgebase\/#breadcrumb"},"inLanguage":"en-US","potentialAction":[{"@type":"ReadAction","target":["https:\/\/partner.proxess.de\/de\/technik\/habel-dms-knowledgebase\/"]}]},{"@type":"BreadcrumbList","@id":"https:\/\/partner.proxess.de\/de\/technik\/habel-dms-knowledgebase\/#breadcrumb","itemListElement":[{"@type":"ListItem","position":1,"name":"Start","item":"https:\/\/partner.proxess.de\/de\/"},{"@type":"ListItem","position":2,"name":"Consulting","item":"https:\/\/partner.proxess.de\/de\/technik\/"},{"@type":"ListItem","position":3,"name":"Knowledge base for HABEL DMS and abas DMS Gen. 1"}]},{"@type":"WebSite","@id":"https:\/\/partner.proxess.de\/de\/#website","url":"https:\/\/partner.proxess.de\/de\/","name":"PROXESS Partnerportal","description":"Welcome to team PROXESS","potentialAction":[{"@type":"SearchAction","target":{"@type":"EntryPoint","urlTemplate":"https:\/\/partner.proxess.de\/de\/?s={search_term_string}"},"query-input":{"@type":"PropertyValueSpecification","valueRequired":true,"valueName":"search_term_string"}}],"inLanguage":"en-US"}]}},"_links":{"self":[{"href":"https:\/\/partner.proxess.de\/en\/wp-json\/wp\/v2\/pages\/44958","targetHints":{"allow":["GET"]}}],"collection":[{"href":"https:\/\/partner.proxess.de\/en\/wp-json\/wp\/v2\/pages"}],"about":[{"href":"https:\/\/partner.proxess.de\/en\/wp-json\/wp\/v2\/types\/page"}],"author":[{"embeddable":true,"href":"https:\/\/partner.proxess.de\/en\/wp-json\/wp\/v2\/users\/274"}],"replies":[{"embeddable":true,"href":"https:\/\/partner.proxess.de\/en\/wp-json\/wp\/v2\/comments?post=44958"}],"version-history":[{"count":8,"href":"https:\/\/partner.proxess.de\/en\/wp-json\/wp\/v2\/pages\/44958\/revisions"}],"predecessor-version":[{"id":48292,"href":"https:\/\/partner.proxess.de\/en\/wp-json\/wp\/v2\/pages\/44958\/revisions\/48292"}],"up":[{"embeddable":true,"href":"https:\/\/partner.proxess.de\/en\/wp-json\/wp\/v2\/pages\/44890"}],"wp:attachment":[{"href":"https:\/\/partner.proxess.de\/en\/wp-json\/wp\/v2\/media?parent=44958"}],"curies":[{"name":"wp","href":"https:\/\/api.w.org\/{rel}","templated":true}]}}