{"id":44770,"date":"2021-07-14T12:39:54","date_gmt":"2021-07-14T10:39:54","guid":{"rendered":"https:\/\/partner.proxess.de\/?page_id=44770"},"modified":"2021-07-14T12:40:11","modified_gmt":"2021-07-14T10:40:11","slug":"demo-system","status":"publish","type":"page","link":"https:\/\/partner.proxess.de\/en\/demo-system\/","title":{"rendered":"Demo system"},"content":{"rendered":"You must be logged in to view this content.","protected":false},"excerpt":{"rendered":"You must be logged in to view this content.","protected":false},"author":274,"featured_media":0,"parent":0,"menu_order":38,"comment_status":"closed","ping_status":"closed","template":"","meta":{"footnotes":""},"class_list":["post-44770","page","type-page","status-publish","hentry"],"yoast_head":"<!-- This site is optimized with the Yoast SEO plugin v27.4 - https:\/\/yoast.com\/product\/yoast-seo-wordpress\/ -->\n<title>Demo system - PROXESS Partnerportal<\/title>\n<meta name=\"robots\" content=\"noindex, follow, max-snippet:-1, max-image-preview:large, max-video-preview:-1\" \/>\n<meta property=\"og:locale\" content=\"en_US\" \/>\n<meta property=\"og:type\" content=\"article\" \/>\n<meta property=\"og:title\" content=\"Demo system - PROXESS Partnerportal\" \/>\n<meta property=\"og:description\" content=\"Der Zugriff auf diese Seite ist nur f\u00fcr registrierte Benutzer m\u00f6glich. Sollten Sie als PROXESS Partner noch keine Zugangsdaten haben, k\u00f6nnen Sie diese hier beantragen: Hier registrierenExisting Users Log InUsername [...]\" \/>\n<meta property=\"og:url\" content=\"https:\/\/partner.proxess.de\/de\/demosystem\/\" \/>\n<meta property=\"og:site_name\" content=\"PROXESS Partnerportal\" \/>\n<meta property=\"article:modified_time\" content=\"2021-07-14T10:40:11+00:00\" \/>\n<meta name=\"twitter:card\" content=\"summary_large_image\" \/>\n<script type=\"application\/ld+json\" class=\"yoast-schema-graph\">{\"@context\":\"https:\\\/\\\/schema.org\",\"@graph\":[{\"@type\":\"WebPage\",\"@id\":\"https:\\\/\\\/partner.proxess.de\\\/de\\\/demosystem\\\/\",\"url\":\"https:\\\/\\\/partner.proxess.de\\\/de\\\/demosystem\\\/\",\"name\":\"Demo system - PROXESS Partnerportal\",\"isPartOf\":{\"@id\":\"https:\\\/\\\/partner.proxess.de\\\/de\\\/#website\"},\"datePublished\":\"2021-07-14T10:39:54+00:00\",\"dateModified\":\"2021-07-14T10:40:11+00:00\",\"breadcrumb\":{\"@id\":\"https:\\\/\\\/partner.proxess.de\\\/de\\\/demosystem\\\/#breadcrumb\"},\"inLanguage\":\"en-US\",\"potentialAction\":[{\"@type\":\"ReadAction\",\"target\":[\"https:\\\/\\\/partner.proxess.de\\\/de\\\/demosystem\\\/\"]}]},{\"@type\":\"BreadcrumbList\",\"@id\":\"https:\\\/\\\/partner.proxess.de\\\/de\\\/demosystem\\\/#breadcrumb\",\"itemListElement\":[{\"@type\":\"ListItem\",\"position\":1,\"name\":\"Start\",\"item\":\"https:\\\/\\\/partner.proxess.de\\\/de\\\/\"},{\"@type\":\"ListItem\",\"position\":2,\"name\":\"Demo system\"}]},{\"@type\":\"WebSite\",\"@id\":\"https:\\\/\\\/partner.proxess.de\\\/de\\\/#website\",\"url\":\"https:\\\/\\\/partner.proxess.de\\\/de\\\/\",\"name\":\"PROXESS Partnerportal\",\"description\":\"Welcome to team PROXESS\",\"potentialAction\":[{\"@type\":\"SearchAction\",\"target\":{\"@type\":\"EntryPoint\",\"urlTemplate\":\"https:\\\/\\\/partner.proxess.de\\\/de\\\/?s={search_term_string}\"},\"query-input\":{\"@type\":\"PropertyValueSpecification\",\"valueRequired\":true,\"valueName\":\"search_term_string\"}}],\"inLanguage\":\"en-US\"}]}<\/script>\n<!-- \/ Yoast SEO plugin. -->","yoast_head_json":{"title":"Demo system - PROXESS Partnerportal","robots":{"index":"noindex","follow":"follow","max-snippet":"max-snippet:-1","max-image-preview":"max-image-preview:large","max-video-preview":"max-video-preview:-1"},"og_locale":"en_US","og_type":"article","og_title":"Demo system - PROXESS Partnerportal","og_description":"Der Zugriff auf diese Seite ist nur f\u00fcr registrierte Benutzer m\u00f6glich. Sollten Sie als PROXESS Partner noch keine Zugangsdaten haben, k\u00f6nnen Sie diese hier beantragen: Hier registrierenExisting Users Log InUsername [...]","og_url":"https:\/\/partner.proxess.de\/de\/demosystem\/","og_site_name":"PROXESS Partnerportal","article_modified_time":"2021-07-14T10:40:11+00:00","twitter_card":"summary_large_image","schema":{"@context":"https:\/\/schema.org","@graph":[{"@type":"WebPage","@id":"https:\/\/partner.proxess.de\/de\/demosystem\/","url":"https:\/\/partner.proxess.de\/de\/demosystem\/","name":"Demo system - PROXESS Partnerportal","isPartOf":{"@id":"https:\/\/partner.proxess.de\/de\/#website"},"datePublished":"2021-07-14T10:39:54+00:00","dateModified":"2021-07-14T10:40:11+00:00","breadcrumb":{"@id":"https:\/\/partner.proxess.de\/de\/demosystem\/#breadcrumb"},"inLanguage":"en-US","potentialAction":[{"@type":"ReadAction","target":["https:\/\/partner.proxess.de\/de\/demosystem\/"]}]},{"@type":"BreadcrumbList","@id":"https:\/\/partner.proxess.de\/de\/demosystem\/#breadcrumb","itemListElement":[{"@type":"ListItem","position":1,"name":"Start","item":"https:\/\/partner.proxess.de\/de\/"},{"@type":"ListItem","position":2,"name":"Demo system"}]},{"@type":"WebSite","@id":"https:\/\/partner.proxess.de\/de\/#website","url":"https:\/\/partner.proxess.de\/de\/","name":"PROXESS Partnerportal","description":"Welcome to team PROXESS","potentialAction":[{"@type":"SearchAction","target":{"@type":"EntryPoint","urlTemplate":"https:\/\/partner.proxess.de\/de\/?s={search_term_string}"},"query-input":{"@type":"PropertyValueSpecification","valueRequired":true,"valueName":"search_term_string"}}],"inLanguage":"en-US"}]}},"_links":{"self":[{"href":"https:\/\/partner.proxess.de\/en\/wp-json\/wp\/v2\/pages\/44770","targetHints":{"allow":["GET"]}}],"collection":[{"href":"https:\/\/partner.proxess.de\/en\/wp-json\/wp\/v2\/pages"}],"about":[{"href":"https:\/\/partner.proxess.de\/en\/wp-json\/wp\/v2\/types\/page"}],"author":[{"embeddable":true,"href":"https:\/\/partner.proxess.de\/en\/wp-json\/wp\/v2\/users\/274"}],"replies":[{"embeddable":true,"href":"https:\/\/partner.proxess.de\/en\/wp-json\/wp\/v2\/comments?post=44770"}],"version-history":[{"count":2,"href":"https:\/\/partner.proxess.de\/en\/wp-json\/wp\/v2\/pages\/44770\/revisions"}],"predecessor-version":[{"id":44772,"href":"https:\/\/partner.proxess.de\/en\/wp-json\/wp\/v2\/pages\/44770\/revisions\/44772"}],"wp:attachment":[{"href":"https:\/\/partner.proxess.de\/en\/wp-json\/wp\/v2\/media?parent=44770"}],"curies":[{"name":"wp","href":"https:\/\/api.w.org\/{rel}","templated":true}]}}