{"id":43603,"date":"2019-10-31T15:47:38","date_gmt":"2019-10-31T14:47:38","guid":{"rendered":"https:\/\/partner.proxess.de\/?page_id=43603"},"modified":"2022-02-01T09:17:15","modified_gmt":"2022-02-01T08:17:15","slug":"demo-system-proxess","status":"publish","type":"page","link":"https:\/\/partner.proxess.de\/en\/demo-system\/demo-system-proxess\/","title":{"rendered":"Demo system PROXESS"},"content":{"rendered":"You must be logged in to view this content.","protected":false},"excerpt":{"rendered":"You must be logged in to view this content.","protected":false},"author":274,"featured_media":0,"parent":44770,"menu_order":75,"comment_status":"closed","ping_status":"closed","template":"100-width.php","meta":{"footnotes":""},"class_list":["post-43603","page","type-page","status-publish","hentry"],"yoast_head":"<!-- This site is optimized with the Yoast SEO plugin v27.2 - https:\/\/yoast.com\/product\/yoast-seo-wordpress\/ -->\n<title>Demo system PROXESS - PROXESS Partnerportal<\/title>\n<meta name=\"robots\" content=\"noindex, follow, max-snippet:-1, max-image-preview:large, max-video-preview:-1\" \/>\n<meta property=\"og:locale\" content=\"en_US\" \/>\n<meta property=\"og:type\" content=\"article\" \/>\n<meta property=\"og:title\" content=\"Demo system PROXESS - PROXESS Partnerportal\" \/>\n<meta property=\"og:description\" content=\"Der Zugriff auf diese Seite ist nur f\u00fcr registrierte Benutzer m\u00f6glich. Sollten Sie als PROXESS Partner noch keine Zugangsdaten haben, k\u00f6nnen Sie diese hier beantragen: Hier registrierenExisting Users Log InUsername [...]\" \/>\n<meta property=\"og:url\" content=\"https:\/\/partner.proxess.de\/de\/demosystem\/demosystem-proxess\/\" \/>\n<meta property=\"og:site_name\" content=\"PROXESS Partnerportal\" \/>\n<meta property=\"article:modified_time\" content=\"2022-02-01T08:17:15+00:00\" \/>\n<meta name=\"twitter:card\" content=\"summary_large_image\" \/>\n<meta name=\"twitter:label1\" content=\"Est. reading time\" \/>\n\t<meta name=\"twitter:data1\" content=\"6 minutes\" \/>\n<script type=\"application\/ld+json\" class=\"yoast-schema-graph\">{\"@context\":\"https:\/\/schema.org\",\"@graph\":[{\"@type\":\"WebPage\",\"@id\":\"https:\/\/partner.proxess.de\/de\/demosystem\/demosystem-proxess\/\",\"url\":\"https:\/\/partner.proxess.de\/de\/demosystem\/demosystem-proxess\/\",\"name\":\"Demo system PROXESS - PROXESS Partnerportal\",\"isPartOf\":{\"@id\":\"https:\/\/partner.proxess.de\/de\/#website\"},\"datePublished\":\"2019-10-31T14:47:38+00:00\",\"dateModified\":\"2022-02-01T08:17:15+00:00\",\"breadcrumb\":{\"@id\":\"https:\/\/partner.proxess.de\/de\/demosystem\/demosystem-proxess\/#breadcrumb\"},\"inLanguage\":\"en-US\",\"potentialAction\":[{\"@type\":\"ReadAction\",\"target\":[\"https:\/\/partner.proxess.de\/de\/demosystem\/demosystem-proxess\/\"]}]},{\"@type\":\"BreadcrumbList\",\"@id\":\"https:\/\/partner.proxess.de\/de\/demosystem\/demosystem-proxess\/#breadcrumb\",\"itemListElement\":[{\"@type\":\"ListItem\",\"position\":1,\"name\":\"Start\",\"item\":\"https:\/\/partner.proxess.de\/de\/\"},{\"@type\":\"ListItem\",\"position\":2,\"name\":\"Demo system\",\"item\":\"https:\/\/partner.proxess.de\/de\/demosystem\/\"},{\"@type\":\"ListItem\",\"position\":3,\"name\":\"Demo system PROXESS\"}]},{\"@type\":\"WebSite\",\"@id\":\"https:\/\/partner.proxess.de\/de\/#website\",\"url\":\"https:\/\/partner.proxess.de\/de\/\",\"name\":\"PROXESS Partnerportal\",\"description\":\"Welcome to team PROXESS\",\"potentialAction\":[{\"@type\":\"SearchAction\",\"target\":{\"@type\":\"EntryPoint\",\"urlTemplate\":\"https:\/\/partner.proxess.de\/de\/?s={search_term_string}\"},\"query-input\":{\"@type\":\"PropertyValueSpecification\",\"valueRequired\":true,\"valueName\":\"search_term_string\"}}],\"inLanguage\":\"en-US\"}]}<\/script>\n<!-- \/ Yoast SEO plugin. -->","yoast_head_json":{"title":"Demo system PROXESS - PROXESS Partnerportal","robots":{"index":"noindex","follow":"follow","max-snippet":"max-snippet:-1","max-image-preview":"max-image-preview:large","max-video-preview":"max-video-preview:-1"},"og_locale":"en_US","og_type":"article","og_title":"Demo system PROXESS - PROXESS Partnerportal","og_description":"Der Zugriff auf diese Seite ist nur f\u00fcr registrierte Benutzer m\u00f6glich. Sollten Sie als PROXESS Partner noch keine Zugangsdaten haben, k\u00f6nnen Sie diese hier beantragen: Hier registrierenExisting Users Log InUsername [...]","og_url":"https:\/\/partner.proxess.de\/de\/demosystem\/demosystem-proxess\/","og_site_name":"PROXESS Partnerportal","article_modified_time":"2022-02-01T08:17:15+00:00","twitter_card":"summary_large_image","twitter_misc":{"Est. reading time":"6 minutes"},"schema":{"@context":"https:\/\/schema.org","@graph":[{"@type":"WebPage","@id":"https:\/\/partner.proxess.de\/de\/demosystem\/demosystem-proxess\/","url":"https:\/\/partner.proxess.de\/de\/demosystem\/demosystem-proxess\/","name":"Demo system PROXESS - PROXESS Partnerportal","isPartOf":{"@id":"https:\/\/partner.proxess.de\/de\/#website"},"datePublished":"2019-10-31T14:47:38+00:00","dateModified":"2022-02-01T08:17:15+00:00","breadcrumb":{"@id":"https:\/\/partner.proxess.de\/de\/demosystem\/demosystem-proxess\/#breadcrumb"},"inLanguage":"en-US","potentialAction":[{"@type":"ReadAction","target":["https:\/\/partner.proxess.de\/de\/demosystem\/demosystem-proxess\/"]}]},{"@type":"BreadcrumbList","@id":"https:\/\/partner.proxess.de\/de\/demosystem\/demosystem-proxess\/#breadcrumb","itemListElement":[{"@type":"ListItem","position":1,"name":"Start","item":"https:\/\/partner.proxess.de\/de\/"},{"@type":"ListItem","position":2,"name":"Demo system","item":"https:\/\/partner.proxess.de\/de\/demosystem\/"},{"@type":"ListItem","position":3,"name":"Demo system PROXESS"}]},{"@type":"WebSite","@id":"https:\/\/partner.proxess.de\/de\/#website","url":"https:\/\/partner.proxess.de\/de\/","name":"PROXESS Partnerportal","description":"Welcome to team PROXESS","potentialAction":[{"@type":"SearchAction","target":{"@type":"EntryPoint","urlTemplate":"https:\/\/partner.proxess.de\/de\/?s={search_term_string}"},"query-input":{"@type":"PropertyValueSpecification","valueRequired":true,"valueName":"search_term_string"}}],"inLanguage":"en-US"}]}},"_links":{"self":[{"href":"https:\/\/partner.proxess.de\/en\/wp-json\/wp\/v2\/pages\/43603","targetHints":{"allow":["GET"]}}],"collection":[{"href":"https:\/\/partner.proxess.de\/en\/wp-json\/wp\/v2\/pages"}],"about":[{"href":"https:\/\/partner.proxess.de\/en\/wp-json\/wp\/v2\/types\/page"}],"author":[{"embeddable":true,"href":"https:\/\/partner.proxess.de\/en\/wp-json\/wp\/v2\/users\/274"}],"replies":[{"embeddable":true,"href":"https:\/\/partner.proxess.de\/en\/wp-json\/wp\/v2\/comments?post=43603"}],"version-history":[{"count":15,"href":"https:\/\/partner.proxess.de\/en\/wp-json\/wp\/v2\/pages\/43603\/revisions"}],"predecessor-version":[{"id":45851,"href":"https:\/\/partner.proxess.de\/en\/wp-json\/wp\/v2\/pages\/43603\/revisions\/45851"}],"up":[{"embeddable":true,"href":"https:\/\/partner.proxess.de\/en\/wp-json\/wp\/v2\/pages\/44770"}],"wp:attachment":[{"href":"https:\/\/partner.proxess.de\/en\/wp-json\/wp\/v2\/media?parent=43603"}],"curies":[{"name":"wp","href":"https:\/\/api.w.org\/{rel}","templated":true}]}}