{"id":50625,"date":"2024-05-16T10:34:08","date_gmt":"2024-05-16T08:34:08","guid":{"rendered":"https:\/\/partner.proxess.de\/?page_id=50625"},"modified":"2024-05-17T12:30:37","modified_gmt":"2024-05-17T10:30:37","slug":"move-it-2024-rueckblick","status":"publish","type":"page","link":"https:\/\/partner.proxess.de\/de\/move-it-2024-rueckblick\/","title":{"rendered":"move it 2024 &#8211; R\u00fcckblick"},"content":{"rendered":"Du musst angemeldet sein, um diesen Inhalt sehen zu k\u00f6nnen.","protected":false},"excerpt":{"rendered":"Du musst angemeldet sein, um diesen Inhalt sehen zu k\u00f6nnen.","protected":false},"author":274,"featured_media":50685,"parent":0,"menu_order":1,"comment_status":"closed","ping_status":"closed","template":"","meta":{"footnotes":""},"class_list":["post-50625","page","type-page","status-publish","has-post-thumbnail","hentry"],"yoast_head":"<!-- This site is optimized with the Yoast SEO plugin v27.4 - https:\/\/yoast.com\/product\/yoast-seo-wordpress\/ -->\n<title>move it 2024 - R\u00fcckblick - PROXESS Partnerportal<\/title>\n<meta name=\"robots\" content=\"noindex, follow, max-snippet:-1, max-image-preview:large, max-video-preview:-1\" \/>\n<meta property=\"og:locale\" content=\"de_DE\" \/>\n<meta property=\"og:type\" content=\"article\" \/>\n<meta property=\"og:title\" content=\"move it 2024 - R\u00fcckblick - PROXESS Partnerportal\" \/>\n<meta property=\"og:description\" content=\"Der Zugriff auf diese Seite ist nur f\u00fcr registrierte Benutzer m\u00f6glich. Sollten Sie als PROXESS Partner noch keine Zugangsdaten haben, k\u00f6nnen Sie diese hier beantragen: Hier registrierenAnmeldenBenutzername oder E-Mail-AdressePasswort&nbsp;Angemeldet bleiben&nbsp;&nbsp;Passwort [...]\" \/>\n<meta property=\"og:url\" content=\"https:\/\/partner.proxess.de\/de\/move-it-2024-rueckblick\/\" \/>\n<meta property=\"og:site_name\" content=\"PROXESS Partnerportal\" \/>\n<meta property=\"article:modified_time\" content=\"2024-05-17T10:30:37+00:00\" \/>\n<meta property=\"og:image\" content=\"https:\/\/partner.proxess.de\/wp-content\/uploads\/2024\/05\/preview-move-it-e1717420417242.jpg\" \/>\n\t<meta property=\"og:image:width\" content=\"1846\" \/>\n\t<meta property=\"og:image:height\" content=\"1036\" \/>\n\t<meta property=\"og:image:type\" content=\"image\/jpeg\" \/>\n<meta name=\"twitter:card\" content=\"summary_large_image\" \/>\n<meta name=\"twitter:label1\" content=\"Gesch\u00e4tzte Lesezeit\" \/>\n\t<meta name=\"twitter:data1\" content=\"135\u00a0Minuten\" \/>\n<script type=\"application\/ld+json\" class=\"yoast-schema-graph\">{\"@context\":\"https:\\\/\\\/schema.org\",\"@graph\":[{\"@type\":\"WebPage\",\"@id\":\"https:\\\/\\\/partner.proxess.de\\\/de\\\/move-it-2024-rueckblick\\\/\",\"url\":\"https:\\\/\\\/partner.proxess.de\\\/de\\\/move-it-2024-rueckblick\\\/\",\"name\":\"move it 2024 - R\u00fcckblick - PROXESS Partnerportal\",\"isPartOf\":{\"@id\":\"https:\\\/\\\/partner.proxess.de\\\/de\\\/#website\"},\"primaryImageOfPage\":{\"@id\":\"https:\\\/\\\/partner.proxess.de\\\/de\\\/move-it-2024-rueckblick\\\/#primaryimage\"},\"image\":{\"@id\":\"https:\\\/\\\/partner.proxess.de\\\/de\\\/move-it-2024-rueckblick\\\/#primaryimage\"},\"thumbnailUrl\":\"https:\\\/\\\/partner.proxess.de\\\/wp-content\\\/uploads\\\/2024\\\/05\\\/preview-move-it-e1717420417242.jpg\",\"datePublished\":\"2024-05-16T08:34:08+00:00\",\"dateModified\":\"2024-05-17T10:30:37+00:00\",\"breadcrumb\":{\"@id\":\"https:\\\/\\\/partner.proxess.de\\\/de\\\/move-it-2024-rueckblick\\\/#breadcrumb\"},\"inLanguage\":\"de\",\"potentialAction\":[{\"@type\":\"ReadAction\",\"target\":[\"https:\\\/\\\/partner.proxess.de\\\/de\\\/move-it-2024-rueckblick\\\/\"]}]},{\"@type\":\"ImageObject\",\"inLanguage\":\"de\",\"@id\":\"https:\\\/\\\/partner.proxess.de\\\/de\\\/move-it-2024-rueckblick\\\/#primaryimage\",\"url\":\"https:\\\/\\\/partner.proxess.de\\\/wp-content\\\/uploads\\\/2024\\\/05\\\/preview-move-it-e1717420417242.jpg\",\"contentUrl\":\"https:\\\/\\\/partner.proxess.de\\\/wp-content\\\/uploads\\\/2024\\\/05\\\/preview-move-it-e1717420417242.jpg\",\"width\":1846,\"height\":1036},{\"@type\":\"BreadcrumbList\",\"@id\":\"https:\\\/\\\/partner.proxess.de\\\/de\\\/move-it-2024-rueckblick\\\/#breadcrumb\",\"itemListElement\":[{\"@type\":\"ListItem\",\"position\":1,\"name\":\"Start\",\"item\":\"https:\\\/\\\/partner.proxess.de\\\/de\\\/\"},{\"@type\":\"ListItem\",\"position\":2,\"name\":\"move it 2024 &#8211; R\u00fcckblick\"}]},{\"@type\":\"WebSite\",\"@id\":\"https:\\\/\\\/partner.proxess.de\\\/de\\\/#website\",\"url\":\"https:\\\/\\\/partner.proxess.de\\\/de\\\/\",\"name\":\"PROXESS Partnerportal\",\"description\":\"Welcome to team PROXESS\",\"potentialAction\":[{\"@type\":\"SearchAction\",\"target\":{\"@type\":\"EntryPoint\",\"urlTemplate\":\"https:\\\/\\\/partner.proxess.de\\\/de\\\/?s={search_term_string}\"},\"query-input\":{\"@type\":\"PropertyValueSpecification\",\"valueRequired\":true,\"valueName\":\"search_term_string\"}}],\"inLanguage\":\"de\"}]}<\/script>\n<!-- \/ Yoast SEO plugin. -->","yoast_head_json":{"title":"move it 2024 - R\u00fcckblick - PROXESS Partnerportal","robots":{"index":"noindex","follow":"follow","max-snippet":"max-snippet:-1","max-image-preview":"max-image-preview:large","max-video-preview":"max-video-preview:-1"},"og_locale":"de_DE","og_type":"article","og_title":"move it 2024 - R\u00fcckblick - PROXESS Partnerportal","og_description":"Der Zugriff auf diese Seite ist nur f\u00fcr registrierte Benutzer m\u00f6glich. Sollten Sie als PROXESS Partner noch keine Zugangsdaten haben, k\u00f6nnen Sie diese hier beantragen: Hier registrierenAnmeldenBenutzername oder E-Mail-AdressePasswort&nbsp;Angemeldet bleiben&nbsp;&nbsp;Passwort [...]","og_url":"https:\/\/partner.proxess.de\/de\/move-it-2024-rueckblick\/","og_site_name":"PROXESS Partnerportal","article_modified_time":"2024-05-17T10:30:37+00:00","og_image":[{"width":1846,"height":1036,"url":"https:\/\/partner.proxess.de\/wp-content\/uploads\/2024\/05\/preview-move-it-e1717420417242.jpg","type":"image\/jpeg"}],"twitter_card":"summary_large_image","twitter_misc":{"Gesch\u00e4tzte Lesezeit":"135\u00a0Minuten"},"schema":{"@context":"https:\/\/schema.org","@graph":[{"@type":"WebPage","@id":"https:\/\/partner.proxess.de\/de\/move-it-2024-rueckblick\/","url":"https:\/\/partner.proxess.de\/de\/move-it-2024-rueckblick\/","name":"move it 2024 - R\u00fcckblick - PROXESS Partnerportal","isPartOf":{"@id":"https:\/\/partner.proxess.de\/de\/#website"},"primaryImageOfPage":{"@id":"https:\/\/partner.proxess.de\/de\/move-it-2024-rueckblick\/#primaryimage"},"image":{"@id":"https:\/\/partner.proxess.de\/de\/move-it-2024-rueckblick\/#primaryimage"},"thumbnailUrl":"https:\/\/partner.proxess.de\/wp-content\/uploads\/2024\/05\/preview-move-it-e1717420417242.jpg","datePublished":"2024-05-16T08:34:08+00:00","dateModified":"2024-05-17T10:30:37+00:00","breadcrumb":{"@id":"https:\/\/partner.proxess.de\/de\/move-it-2024-rueckblick\/#breadcrumb"},"inLanguage":"de","potentialAction":[{"@type":"ReadAction","target":["https:\/\/partner.proxess.de\/de\/move-it-2024-rueckblick\/"]}]},{"@type":"ImageObject","inLanguage":"de","@id":"https:\/\/partner.proxess.de\/de\/move-it-2024-rueckblick\/#primaryimage","url":"https:\/\/partner.proxess.de\/wp-content\/uploads\/2024\/05\/preview-move-it-e1717420417242.jpg","contentUrl":"https:\/\/partner.proxess.de\/wp-content\/uploads\/2024\/05\/preview-move-it-e1717420417242.jpg","width":1846,"height":1036},{"@type":"BreadcrumbList","@id":"https:\/\/partner.proxess.de\/de\/move-it-2024-rueckblick\/#breadcrumb","itemListElement":[{"@type":"ListItem","position":1,"name":"Start","item":"https:\/\/partner.proxess.de\/de\/"},{"@type":"ListItem","position":2,"name":"move it 2024 &#8211; R\u00fcckblick"}]},{"@type":"WebSite","@id":"https:\/\/partner.proxess.de\/de\/#website","url":"https:\/\/partner.proxess.de\/de\/","name":"PROXESS Partnerportal","description":"Welcome to team PROXESS","potentialAction":[{"@type":"SearchAction","target":{"@type":"EntryPoint","urlTemplate":"https:\/\/partner.proxess.de\/de\/?s={search_term_string}"},"query-input":{"@type":"PropertyValueSpecification","valueRequired":true,"valueName":"search_term_string"}}],"inLanguage":"de"}]}},"_links":{"self":[{"href":"https:\/\/partner.proxess.de\/de\/wp-json\/wp\/v2\/pages\/50625","targetHints":{"allow":["GET"]}}],"collection":[{"href":"https:\/\/partner.proxess.de\/de\/wp-json\/wp\/v2\/pages"}],"about":[{"href":"https:\/\/partner.proxess.de\/de\/wp-json\/wp\/v2\/types\/page"}],"author":[{"embeddable":true,"href":"https:\/\/partner.proxess.de\/de\/wp-json\/wp\/v2\/users\/274"}],"replies":[{"embeddable":true,"href":"https:\/\/partner.proxess.de\/de\/wp-json\/wp\/v2\/comments?post=50625"}],"version-history":[{"count":24,"href":"https:\/\/partner.proxess.de\/de\/wp-json\/wp\/v2\/pages\/50625\/revisions"}],"predecessor-version":[{"id":50842,"href":"https:\/\/partner.proxess.de\/de\/wp-json\/wp\/v2\/pages\/50625\/revisions\/50842"}],"wp:featuredmedia":[{"embeddable":true,"href":"https:\/\/partner.proxess.de\/de\/wp-json\/wp\/v2\/media\/50685"}],"wp:attachment":[{"href":"https:\/\/partner.proxess.de\/de\/wp-json\/wp\/v2\/media?parent=50625"}],"curies":[{"name":"wp","href":"https:\/\/api.w.org\/{rel}","templated":true}]}}