{"id":50081,"date":"2024-02-02T12:52:20","date_gmt":"2024-02-02T11:52:20","guid":{"rendered":"https:\/\/partner.proxess.de\/?page_id=50081"},"modified":"2024-04-17T13:35:36","modified_gmt":"2024-04-17T11:35:36","slug":"lp-move-it-2024-partnertag","status":"publish","type":"page","link":"https:\/\/partner.proxess.de\/de\/lp-move-it-2024-partnertag\/","title":{"rendered":"LP_move it 2024 Partnertag"},"content":{"rendered":"Du musst angemeldet sein, um diesen Inhalt sehen zu k\u00f6nnen.","protected":false},"excerpt":{"rendered":"Du musst angemeldet sein, um diesen Inhalt sehen zu k\u00f6nnen.","protected":false},"author":274,"featured_media":0,"parent":0,"menu_order":2,"comment_status":"closed","ping_status":"closed","template":"","meta":{"footnotes":""},"class_list":["post-50081","page","type-page","status-publish","hentry"],"yoast_head":"<!-- This site is optimized with the Yoast SEO plugin v27.2 - https:\/\/yoast.com\/product\/yoast-seo-wordpress\/ -->\n<title>LP_move it 2024 Partnertag - PROXESS Partnerportal<\/title>\n<meta name=\"robots\" content=\"noindex, follow, max-snippet:-1, max-image-preview:large, max-video-preview:-1\" \/>\n<meta property=\"og:locale\" content=\"de_DE\" \/>\n<meta property=\"og:type\" content=\"article\" \/>\n<meta property=\"og:title\" content=\"LP_move it 2024 Partnertag - PROXESS Partnerportal\" \/>\n<meta property=\"og:description\" content=\"Der Zugriff auf diese Seite ist nur f\u00fcr registrierte Benutzer m\u00f6glich. Sollten Sie als PROXESS Partner noch keine Zugangsdaten haben, k\u00f6nnen Sie diese hier beantragen: Hier registrierenAnmeldenBenutzername oder E-Mail-AdressePasswort&nbsp;Angemeldet bleiben&nbsp;&nbsp;Passwort [...]\" \/>\n<meta property=\"og:url\" content=\"https:\/\/partner.proxess.de\/de\/lp-move-it-2024-partnertag\/\" \/>\n<meta property=\"og:site_name\" content=\"PROXESS Partnerportal\" \/>\n<meta property=\"article:modified_time\" content=\"2024-04-17T11:35:36+00:00\" \/>\n<meta name=\"twitter:card\" content=\"summary_large_image\" \/>\n<meta name=\"twitter:label1\" content=\"Gesch\u00e4tzte Lesezeit\" \/>\n\t<meta name=\"twitter:data1\" content=\"137\u00a0Minuten\" \/>\n<script type=\"application\/ld+json\" class=\"yoast-schema-graph\">{\"@context\":\"https:\/\/schema.org\",\"@graph\":[{\"@type\":\"WebPage\",\"@id\":\"https:\/\/partner.proxess.de\/de\/lp-move-it-2024-partnertag\/\",\"url\":\"https:\/\/partner.proxess.de\/de\/lp-move-it-2024-partnertag\/\",\"name\":\"LP_move it 2024 Partnertag - PROXESS Partnerportal\",\"isPartOf\":{\"@id\":\"https:\/\/partner.proxess.de\/de\/#website\"},\"datePublished\":\"2024-02-02T11:52:20+00:00\",\"dateModified\":\"2024-04-17T11:35:36+00:00\",\"breadcrumb\":{\"@id\":\"https:\/\/partner.proxess.de\/de\/lp-move-it-2024-partnertag\/#breadcrumb\"},\"inLanguage\":\"de\",\"potentialAction\":[{\"@type\":\"ReadAction\",\"target\":[\"https:\/\/partner.proxess.de\/de\/lp-move-it-2024-partnertag\/\"]}]},{\"@type\":\"BreadcrumbList\",\"@id\":\"https:\/\/partner.proxess.de\/de\/lp-move-it-2024-partnertag\/#breadcrumb\",\"itemListElement\":[{\"@type\":\"ListItem\",\"position\":1,\"name\":\"Start\",\"item\":\"https:\/\/partner.proxess.de\/de\/\"},{\"@type\":\"ListItem\",\"position\":2,\"name\":\"LP_move it 2024 Partnertag\"}]},{\"@type\":\"WebSite\",\"@id\":\"https:\/\/partner.proxess.de\/de\/#website\",\"url\":\"https:\/\/partner.proxess.de\/de\/\",\"name\":\"PROXESS Partnerportal\",\"description\":\"Welcome to team PROXESS\",\"potentialAction\":[{\"@type\":\"SearchAction\",\"target\":{\"@type\":\"EntryPoint\",\"urlTemplate\":\"https:\/\/partner.proxess.de\/de\/?s={search_term_string}\"},\"query-input\":{\"@type\":\"PropertyValueSpecification\",\"valueRequired\":true,\"valueName\":\"search_term_string\"}}],\"inLanguage\":\"de\"}]}<\/script>\n<!-- \/ Yoast SEO plugin. -->","yoast_head_json":{"title":"LP_move it 2024 Partnertag - PROXESS Partnerportal","robots":{"index":"noindex","follow":"follow","max-snippet":"max-snippet:-1","max-image-preview":"max-image-preview:large","max-video-preview":"max-video-preview:-1"},"og_locale":"de_DE","og_type":"article","og_title":"LP_move it 2024 Partnertag - PROXESS Partnerportal","og_description":"Der Zugriff auf diese Seite ist nur f\u00fcr registrierte Benutzer m\u00f6glich. Sollten Sie als PROXESS Partner noch keine Zugangsdaten haben, k\u00f6nnen Sie diese hier beantragen: Hier registrierenAnmeldenBenutzername oder E-Mail-AdressePasswort&nbsp;Angemeldet bleiben&nbsp;&nbsp;Passwort [...]","og_url":"https:\/\/partner.proxess.de\/de\/lp-move-it-2024-partnertag\/","og_site_name":"PROXESS Partnerportal","article_modified_time":"2024-04-17T11:35:36+00:00","twitter_card":"summary_large_image","twitter_misc":{"Gesch\u00e4tzte Lesezeit":"137\u00a0Minuten"},"schema":{"@context":"https:\/\/schema.org","@graph":[{"@type":"WebPage","@id":"https:\/\/partner.proxess.de\/de\/lp-move-it-2024-partnertag\/","url":"https:\/\/partner.proxess.de\/de\/lp-move-it-2024-partnertag\/","name":"LP_move it 2024 Partnertag - PROXESS Partnerportal","isPartOf":{"@id":"https:\/\/partner.proxess.de\/de\/#website"},"datePublished":"2024-02-02T11:52:20+00:00","dateModified":"2024-04-17T11:35:36+00:00","breadcrumb":{"@id":"https:\/\/partner.proxess.de\/de\/lp-move-it-2024-partnertag\/#breadcrumb"},"inLanguage":"de","potentialAction":[{"@type":"ReadAction","target":["https:\/\/partner.proxess.de\/de\/lp-move-it-2024-partnertag\/"]}]},{"@type":"BreadcrumbList","@id":"https:\/\/partner.proxess.de\/de\/lp-move-it-2024-partnertag\/#breadcrumb","itemListElement":[{"@type":"ListItem","position":1,"name":"Start","item":"https:\/\/partner.proxess.de\/de\/"},{"@type":"ListItem","position":2,"name":"LP_move it 2024 Partnertag"}]},{"@type":"WebSite","@id":"https:\/\/partner.proxess.de\/de\/#website","url":"https:\/\/partner.proxess.de\/de\/","name":"PROXESS Partnerportal","description":"Welcome to team PROXESS","potentialAction":[{"@type":"SearchAction","target":{"@type":"EntryPoint","urlTemplate":"https:\/\/partner.proxess.de\/de\/?s={search_term_string}"},"query-input":{"@type":"PropertyValueSpecification","valueRequired":true,"valueName":"search_term_string"}}],"inLanguage":"de"}]}},"_links":{"self":[{"href":"https:\/\/partner.proxess.de\/de\/wp-json\/wp\/v2\/pages\/50081","targetHints":{"allow":["GET"]}}],"collection":[{"href":"https:\/\/partner.proxess.de\/de\/wp-json\/wp\/v2\/pages"}],"about":[{"href":"https:\/\/partner.proxess.de\/de\/wp-json\/wp\/v2\/types\/page"}],"author":[{"embeddable":true,"href":"https:\/\/partner.proxess.de\/de\/wp-json\/wp\/v2\/users\/274"}],"replies":[{"embeddable":true,"href":"https:\/\/partner.proxess.de\/de\/wp-json\/wp\/v2\/comments?post=50081"}],"version-history":[{"count":92,"href":"https:\/\/partner.proxess.de\/de\/wp-json\/wp\/v2\/pages\/50081\/revisions"}],"predecessor-version":[{"id":50561,"href":"https:\/\/partner.proxess.de\/de\/wp-json\/wp\/v2\/pages\/50081\/revisions\/50561"}],"wp:attachment":[{"href":"https:\/\/partner.proxess.de\/de\/wp-json\/wp\/v2\/media?parent=50081"}],"curies":[{"name":"wp","href":"https:\/\/api.w.org\/{rel}","templated":true}]}}