{"id":47442,"date":"2023-03-23T09:03:17","date_gmt":"2023-03-23T08:03:17","guid":{"rendered":"https:\/\/partner.proxess.de\/?page_id=47442"},"modified":"2023-03-23T09:03:17","modified_gmt":"2023-03-23T08:03:17","slug":"online-partnertag-2023-anmeldung","status":"publish","type":"page","link":"https:\/\/partner.proxess.de\/de\/online-partnertag-2023-anmeldung\/","title":{"rendered":"Online-Partnertag 2023 Anmeldung"},"content":{"rendered":"Du musst angemeldet sein, um diesen Inhalt sehen zu k\u00f6nnen.","protected":false},"excerpt":{"rendered":"Du musst angemeldet sein, um diesen Inhalt sehen zu k\u00f6nnen.","protected":false},"author":274,"featured_media":0,"parent":0,"menu_order":3,"comment_status":"closed","ping_status":"closed","template":"","meta":{"footnotes":""},"class_list":["post-47442","page","type-page","status-publish","hentry"],"yoast_head":"<!-- This site is optimized with the Yoast SEO plugin v27.2 - https:\/\/yoast.com\/product\/yoast-seo-wordpress\/ -->\n<title>Online-Partnertag 2023 Anmeldung - PROXESS Partnerportal<\/title>\n<meta name=\"robots\" content=\"noindex, follow, max-snippet:-1, max-image-preview:large, max-video-preview:-1\" \/>\n<meta property=\"og:locale\" content=\"de_DE\" \/>\n<meta property=\"og:type\" content=\"article\" \/>\n<meta property=\"og:title\" content=\"Online-Partnertag 2023 Anmeldung - PROXESS Partnerportal\" \/>\n<meta property=\"og:description\" content=\"Der Zugriff auf diese Seite ist nur f\u00fcr registrierte Benutzer m\u00f6glich. Sollten Sie als PROXESS Partner noch keine Zugangsdaten haben, k\u00f6nnen Sie diese hier beantragen: Hier registrierenAnmeldenBenutzername oder E-Mail-AdressePasswort&nbsp;Angemeldet bleiben&nbsp;&nbsp;Passwort [...]\" \/>\n<meta property=\"og:url\" content=\"https:\/\/partner.proxess.de\/de\/online-partnertag-2023-anmeldung\/\" \/>\n<meta property=\"og:site_name\" content=\"PROXESS Partnerportal\" \/>\n<meta name=\"twitter:card\" content=\"summary_large_image\" \/>\n<meta name=\"twitter:label1\" content=\"Gesch\u00e4tzte Lesezeit\" \/>\n\t<meta name=\"twitter:data1\" content=\"6\u00a0Minuten\" \/>\n<script type=\"application\/ld+json\" class=\"yoast-schema-graph\">{\"@context\":\"https:\/\/schema.org\",\"@graph\":[{\"@type\":\"WebPage\",\"@id\":\"https:\/\/partner.proxess.de\/de\/online-partnertag-2023-anmeldung\/\",\"url\":\"https:\/\/partner.proxess.de\/de\/online-partnertag-2023-anmeldung\/\",\"name\":\"Online-Partnertag 2023 Anmeldung - PROXESS Partnerportal\",\"isPartOf\":{\"@id\":\"https:\/\/partner.proxess.de\/de\/#website\"},\"datePublished\":\"2023-03-23T08:03:17+00:00\",\"breadcrumb\":{\"@id\":\"https:\/\/partner.proxess.de\/de\/online-partnertag-2023-anmeldung\/#breadcrumb\"},\"inLanguage\":\"de\",\"potentialAction\":[{\"@type\":\"ReadAction\",\"target\":[\"https:\/\/partner.proxess.de\/de\/online-partnertag-2023-anmeldung\/\"]}]},{\"@type\":\"BreadcrumbList\",\"@id\":\"https:\/\/partner.proxess.de\/de\/online-partnertag-2023-anmeldung\/#breadcrumb\",\"itemListElement\":[{\"@type\":\"ListItem\",\"position\":1,\"name\":\"Start\",\"item\":\"https:\/\/partner.proxess.de\/de\/\"},{\"@type\":\"ListItem\",\"position\":2,\"name\":\"Online-Partnertag 2023 Anmeldung\"}]},{\"@type\":\"WebSite\",\"@id\":\"https:\/\/partner.proxess.de\/de\/#website\",\"url\":\"https:\/\/partner.proxess.de\/de\/\",\"name\":\"PROXESS Partnerportal\",\"description\":\"Welcome to team PROXESS\",\"potentialAction\":[{\"@type\":\"SearchAction\",\"target\":{\"@type\":\"EntryPoint\",\"urlTemplate\":\"https:\/\/partner.proxess.de\/de\/?s={search_term_string}\"},\"query-input\":{\"@type\":\"PropertyValueSpecification\",\"valueRequired\":true,\"valueName\":\"search_term_string\"}}],\"inLanguage\":\"de\"}]}<\/script>\n<!-- \/ Yoast SEO plugin. -->","yoast_head_json":{"title":"Online-Partnertag 2023 Anmeldung - PROXESS Partnerportal","robots":{"index":"noindex","follow":"follow","max-snippet":"max-snippet:-1","max-image-preview":"max-image-preview:large","max-video-preview":"max-video-preview:-1"},"og_locale":"de_DE","og_type":"article","og_title":"Online-Partnertag 2023 Anmeldung - PROXESS Partnerportal","og_description":"Der Zugriff auf diese Seite ist nur f\u00fcr registrierte Benutzer m\u00f6glich. Sollten Sie als PROXESS Partner noch keine Zugangsdaten haben, k\u00f6nnen Sie diese hier beantragen: Hier registrierenAnmeldenBenutzername oder E-Mail-AdressePasswort&nbsp;Angemeldet bleiben&nbsp;&nbsp;Passwort [...]","og_url":"https:\/\/partner.proxess.de\/de\/online-partnertag-2023-anmeldung\/","og_site_name":"PROXESS Partnerportal","twitter_card":"summary_large_image","twitter_misc":{"Gesch\u00e4tzte Lesezeit":"6\u00a0Minuten"},"schema":{"@context":"https:\/\/schema.org","@graph":[{"@type":"WebPage","@id":"https:\/\/partner.proxess.de\/de\/online-partnertag-2023-anmeldung\/","url":"https:\/\/partner.proxess.de\/de\/online-partnertag-2023-anmeldung\/","name":"Online-Partnertag 2023 Anmeldung - PROXESS Partnerportal","isPartOf":{"@id":"https:\/\/partner.proxess.de\/de\/#website"},"datePublished":"2023-03-23T08:03:17+00:00","breadcrumb":{"@id":"https:\/\/partner.proxess.de\/de\/online-partnertag-2023-anmeldung\/#breadcrumb"},"inLanguage":"de","potentialAction":[{"@type":"ReadAction","target":["https:\/\/partner.proxess.de\/de\/online-partnertag-2023-anmeldung\/"]}]},{"@type":"BreadcrumbList","@id":"https:\/\/partner.proxess.de\/de\/online-partnertag-2023-anmeldung\/#breadcrumb","itemListElement":[{"@type":"ListItem","position":1,"name":"Start","item":"https:\/\/partner.proxess.de\/de\/"},{"@type":"ListItem","position":2,"name":"Online-Partnertag 2023 Anmeldung"}]},{"@type":"WebSite","@id":"https:\/\/partner.proxess.de\/de\/#website","url":"https:\/\/partner.proxess.de\/de\/","name":"PROXESS Partnerportal","description":"Welcome to team PROXESS","potentialAction":[{"@type":"SearchAction","target":{"@type":"EntryPoint","urlTemplate":"https:\/\/partner.proxess.de\/de\/?s={search_term_string}"},"query-input":{"@type":"PropertyValueSpecification","valueRequired":true,"valueName":"search_term_string"}}],"inLanguage":"de"}]}},"_links":{"self":[{"href":"https:\/\/partner.proxess.de\/de\/wp-json\/wp\/v2\/pages\/47442","targetHints":{"allow":["GET"]}}],"collection":[{"href":"https:\/\/partner.proxess.de\/de\/wp-json\/wp\/v2\/pages"}],"about":[{"href":"https:\/\/partner.proxess.de\/de\/wp-json\/wp\/v2\/types\/page"}],"author":[{"embeddable":true,"href":"https:\/\/partner.proxess.de\/de\/wp-json\/wp\/v2\/users\/274"}],"replies":[{"embeddable":true,"href":"https:\/\/partner.proxess.de\/de\/wp-json\/wp\/v2\/comments?post=47442"}],"version-history":[{"count":1,"href":"https:\/\/partner.proxess.de\/de\/wp-json\/wp\/v2\/pages\/47442\/revisions"}],"predecessor-version":[{"id":47443,"href":"https:\/\/partner.proxess.de\/de\/wp-json\/wp\/v2\/pages\/47442\/revisions\/47443"}],"wp:attachment":[{"href":"https:\/\/partner.proxess.de\/de\/wp-json\/wp\/v2\/media?parent=47442"}],"curies":[{"name":"wp","href":"https:\/\/api.w.org\/{rel}","templated":true}]}}