{"id":44882,"date":"2021-07-14T17:03:09","date_gmt":"2021-07-14T15:03:09","guid":{"rendered":"https:\/\/partner.proxess.de\/?page_id=44882"},"modified":"2021-07-23T15:00:09","modified_gmt":"2021-07-23T13:00:09","slug":"vertrieb","status":"publish","type":"page","link":"https:\/\/partner.proxess.de\/de\/vertrieb\/","title":{"rendered":"Vertrieb"},"content":{"rendered":"Du musst angemeldet sein, um diesen Inhalt sehen zu k\u00f6nnen.","protected":false},"excerpt":{"rendered":"Du musst angemeldet sein, um diesen Inhalt sehen zu k\u00f6nnen.","protected":false},"author":274,"featured_media":0,"parent":0,"menu_order":24,"comment_status":"closed","ping_status":"closed","template":"100-width.php","meta":{"footnotes":""},"class_list":["post-44882","page","type-page","status-publish","hentry"],"yoast_head":"<!-- This site is optimized with the Yoast SEO plugin v27.4 - https:\/\/yoast.com\/product\/yoast-seo-wordpress\/ -->\n<title>Vertrieb - PROXESS Partnerportal<\/title>\n<meta name=\"robots\" content=\"noindex, follow, max-snippet:-1, max-image-preview:large, max-video-preview:-1\" \/>\n<meta property=\"og:locale\" content=\"de_DE\" \/>\n<meta property=\"og:type\" content=\"article\" \/>\n<meta property=\"og:title\" content=\"Vertrieb - PROXESS Partnerportal\" \/>\n<meta property=\"og:description\" content=\"Der Zugriff auf diese Seite ist nur f\u00fcr registrierte Benutzer m\u00f6glich. Sollten Sie als PROXESS Partner noch keine Zugangsdaten haben, k\u00f6nnen Sie diese hier beantragen: Hier registrierenAnmeldenBenutzername oder E-Mail-AdressePasswort&nbsp;Angemeldet bleiben&nbsp;&nbsp;Passwort [...]\" \/>\n<meta property=\"og:url\" content=\"https:\/\/partner.proxess.de\/de\/vertrieb\/\" \/>\n<meta property=\"og:site_name\" content=\"PROXESS Partnerportal\" \/>\n<meta property=\"article:modified_time\" content=\"2021-07-23T13:00:09+00:00\" \/>\n<meta name=\"twitter:card\" content=\"summary_large_image\" \/>\n<script type=\"application\/ld+json\" class=\"yoast-schema-graph\">{\"@context\":\"https:\\\/\\\/schema.org\",\"@graph\":[{\"@type\":\"WebPage\",\"@id\":\"https:\\\/\\\/partner.proxess.de\\\/de\\\/vertrieb\\\/\",\"url\":\"https:\\\/\\\/partner.proxess.de\\\/de\\\/vertrieb\\\/\",\"name\":\"Vertrieb - PROXESS Partnerportal\",\"isPartOf\":{\"@id\":\"https:\\\/\\\/partner.proxess.de\\\/de\\\/#website\"},\"datePublished\":\"2021-07-14T15:03:09+00:00\",\"dateModified\":\"2021-07-23T13:00:09+00:00\",\"breadcrumb\":{\"@id\":\"https:\\\/\\\/partner.proxess.de\\\/de\\\/vertrieb\\\/#breadcrumb\"},\"inLanguage\":\"de\",\"potentialAction\":[{\"@type\":\"ReadAction\",\"target\":[\"https:\\\/\\\/partner.proxess.de\\\/de\\\/vertrieb\\\/\"]}]},{\"@type\":\"BreadcrumbList\",\"@id\":\"https:\\\/\\\/partner.proxess.de\\\/de\\\/vertrieb\\\/#breadcrumb\",\"itemListElement\":[{\"@type\":\"ListItem\",\"position\":1,\"name\":\"Start\",\"item\":\"https:\\\/\\\/partner.proxess.de\\\/de\\\/\"},{\"@type\":\"ListItem\",\"position\":2,\"name\":\"Vertrieb\"}]},{\"@type\":\"WebSite\",\"@id\":\"https:\\\/\\\/partner.proxess.de\\\/de\\\/#website\",\"url\":\"https:\\\/\\\/partner.proxess.de\\\/de\\\/\",\"name\":\"PROXESS Partnerportal\",\"description\":\"Welcome to team PROXESS\",\"potentialAction\":[{\"@type\":\"SearchAction\",\"target\":{\"@type\":\"EntryPoint\",\"urlTemplate\":\"https:\\\/\\\/partner.proxess.de\\\/de\\\/?s={search_term_string}\"},\"query-input\":{\"@type\":\"PropertyValueSpecification\",\"valueRequired\":true,\"valueName\":\"search_term_string\"}}],\"inLanguage\":\"de\"}]}<\/script>\n<!-- \/ Yoast SEO plugin. -->","yoast_head_json":{"title":"Vertrieb - PROXESS Partnerportal","robots":{"index":"noindex","follow":"follow","max-snippet":"max-snippet:-1","max-image-preview":"max-image-preview:large","max-video-preview":"max-video-preview:-1"},"og_locale":"de_DE","og_type":"article","og_title":"Vertrieb - PROXESS Partnerportal","og_description":"Der Zugriff auf diese Seite ist nur f\u00fcr registrierte Benutzer m\u00f6glich. Sollten Sie als PROXESS Partner noch keine Zugangsdaten haben, k\u00f6nnen Sie diese hier beantragen: Hier registrierenAnmeldenBenutzername oder E-Mail-AdressePasswort&nbsp;Angemeldet bleiben&nbsp;&nbsp;Passwort [...]","og_url":"https:\/\/partner.proxess.de\/de\/vertrieb\/","og_site_name":"PROXESS Partnerportal","article_modified_time":"2021-07-23T13:00:09+00:00","twitter_card":"summary_large_image","schema":{"@context":"https:\/\/schema.org","@graph":[{"@type":"WebPage","@id":"https:\/\/partner.proxess.de\/de\/vertrieb\/","url":"https:\/\/partner.proxess.de\/de\/vertrieb\/","name":"Vertrieb - PROXESS Partnerportal","isPartOf":{"@id":"https:\/\/partner.proxess.de\/de\/#website"},"datePublished":"2021-07-14T15:03:09+00:00","dateModified":"2021-07-23T13:00:09+00:00","breadcrumb":{"@id":"https:\/\/partner.proxess.de\/de\/vertrieb\/#breadcrumb"},"inLanguage":"de","potentialAction":[{"@type":"ReadAction","target":["https:\/\/partner.proxess.de\/de\/vertrieb\/"]}]},{"@type":"BreadcrumbList","@id":"https:\/\/partner.proxess.de\/de\/vertrieb\/#breadcrumb","itemListElement":[{"@type":"ListItem","position":1,"name":"Start","item":"https:\/\/partner.proxess.de\/de\/"},{"@type":"ListItem","position":2,"name":"Vertrieb"}]},{"@type":"WebSite","@id":"https:\/\/partner.proxess.de\/de\/#website","url":"https:\/\/partner.proxess.de\/de\/","name":"PROXESS Partnerportal","description":"Welcome to team PROXESS","potentialAction":[{"@type":"SearchAction","target":{"@type":"EntryPoint","urlTemplate":"https:\/\/partner.proxess.de\/de\/?s={search_term_string}"},"query-input":{"@type":"PropertyValueSpecification","valueRequired":true,"valueName":"search_term_string"}}],"inLanguage":"de"}]}},"_links":{"self":[{"href":"https:\/\/partner.proxess.de\/de\/wp-json\/wp\/v2\/pages\/44882","targetHints":{"allow":["GET"]}}],"collection":[{"href":"https:\/\/partner.proxess.de\/de\/wp-json\/wp\/v2\/pages"}],"about":[{"href":"https:\/\/partner.proxess.de\/de\/wp-json\/wp\/v2\/types\/page"}],"author":[{"embeddable":true,"href":"https:\/\/partner.proxess.de\/de\/wp-json\/wp\/v2\/users\/274"}],"replies":[{"embeddable":true,"href":"https:\/\/partner.proxess.de\/de\/wp-json\/wp\/v2\/comments?post=44882"}],"version-history":[{"count":1,"href":"https:\/\/partner.proxess.de\/de\/wp-json\/wp\/v2\/pages\/44882\/revisions"}],"predecessor-version":[{"id":44883,"href":"https:\/\/partner.proxess.de\/de\/wp-json\/wp\/v2\/pages\/44882\/revisions\/44883"}],"wp:attachment":[{"href":"https:\/\/partner.proxess.de\/de\/wp-json\/wp\/v2\/media?parent=44882"}],"curies":[{"name":"wp","href":"https:\/\/api.w.org\/{rel}","templated":true}]}}