{"id":2119,"date":"2017-03-15T16:57:54","date_gmt":"2017-03-15T15:57:54","guid":{"rendered":"http:\/\/habel.de\/?page_id=2119"},"modified":"2025-07-03T09:43:59","modified_gmt":"2025-07-03T07:43:59","slug":"registrierung","status":"publish","type":"page","link":"https:\/\/partner.proxess.de\/de\/registrierung\/","title":{"rendered":"Registrierung"},"content":{"rendered":"<div class=\"fusion-fullwidth fullwidth-box fusion-builder-row-1 has-pattern-background has-mask-background nonhundred-percent-fullwidth non-hundred-percent-height-scrolling\" style=\"--awb-border-radius-top-left:0px;--awb-border-radius-top-right:0px;--awb-border-radius-bottom-right:0px;--awb-border-radius-bottom-left:0px;--awb-padding-top:20px;--awb-padding-bottom:20px;--awb-flex-wrap:wrap;\" ><div class=\"fusion-builder-row fusion-row\"><div class=\"fusion-layout-column fusion_builder_column fusion-builder-column-0 fusion_builder_column_1_1 1_1 fusion-one-full fusion-column-first fusion-column-last\" style=\"--awb-bg-size:cover;\"><div class=\"fusion-column-wrapper fusion-column-has-shadow fusion-flex-column-wrapper-legacy\"><div class=\"fusion-text fusion-text-1\"><p><strong>Das Partnerportal ist exklusiv f\u00fcr autorisierte Partner der PROXESS GmbH mit g\u00fcltigem Partnervertrag. Eine Registrierung f\u00fcr Nicht-Partner ist nicht m\u00f6glich!<\/strong><\/p>\n<\/div><div class=\"fusion-clearfix\"><\/div><\/div><\/div><div class=\"fusion-layout-column fusion_builder_column fusion-builder-column-1 fusion_builder_column_1_2 1_2 fusion-one-half fusion-column-first\" style=\"--awb-bg-size:cover;width:50%;width:calc(50% - ( ( 4% ) * 0.5 ) );margin-right: 4%;\"><div class=\"fusion-column-wrapper fusion-flex-column-wrapper-legacy\"><div class=\"fusion-text fusion-text-2\"><p>Nach dem Abschicken Ihrer Daten werden wir Ihre Re\u00adgis\u00adtrie\u00adrung pr\u00fcfen.<\/p>\n<\/div><div class=\"fusion-text fusion-text-3\"><ol>\n<li>F\u00fcllen Sie rechts die n\u00f6tigen Felder aus.<\/li>\n<li>Sie erhalten umgehend eine Anmeldebest\u00e4tigung per Email.<\/li>\n<li>\u00a0Ihre Anmeldung wird von uns hinsichtlich der Erf\u00fcllung der erforderlichen Bedingungen gepr\u00fcft.<\/li>\n<li>Nach Freigabe erhalten Sie eine Nachricht per E-Mail.<\/li>\n<\/ol>\n<\/div><div class=\"fusion-clearfix\"><\/div><\/div><\/div><div class=\"fusion-layout-column fusion_builder_column fusion-builder-column-2 fusion_builder_column_1_2 1_2 fusion-one-half fusion-column-last\" style=\"--awb-padding-top:30px;--awb-padding-right:30px;--awb-padding-bottom:30px;--awb-padding-left:30px;--awb-bg-size:cover;--awb-border-color:#4b4b4b;--awb-border-top:1px;--awb-border-right:1px;--awb-border-bottom:1px;--awb-border-left:1px;--awb-border-style:solid;width:50%;width:calc(50% - ( ( 4% ) * 0.5 ) );\"><div class=\"fusion-column-wrapper fusion-column-has-shadow fusion-flex-column-wrapper-legacy\"><div class=\"fusion-text fusion-text-4\"><div id=\"wpmem_reg\"><a id=\"register\"><\/a><form name=\"form\" method=\"post\" action=\"https:\/\/partner.proxess.de\/de\/registrierung\/\" id=\"wpmem_register_form\" class=\"form\"><input type=\"hidden\" id=\"_wpmem_register_nonce\" name=\"_wpmem_register_nonce\" value=\"9a7ffe23b3\" \/><input type=\"hidden\" name=\"_wp_http_referer\" value=\"\/de\/wp-json\/wp\/v2\/pages\/2119\" \/><fieldset><legend>Registrieren<\/legend><label for=\"username\" class=\"text\">Einen Benutzernamen ausw\u00e4hlen<span class=\"req\">*<\/span><\/label><div class=\"div_text\"><input name=\"username\" type=\"text\" id=\"username\" value=\"\" class=\"textbox\" required  \/><\/div><label for=\"first_name\" class=\"text\">Vorname<span class=\"req\">*<\/span><\/label><div class=\"div_text\"><input name=\"first_name\" type=\"text\" id=\"first_name\" value=\"\" class=\"textbox\" required  \/><\/div><label for=\"last_name\" class=\"text\">Nachname<span class=\"req\">*<\/span><\/label><div class=\"div_text\"><input name=\"last_name\" type=\"text\" id=\"last_name\" value=\"\" class=\"textbox\" required  \/><\/div><label for=\"user_email\" class=\"text\">E-Mail<span class=\"req\">*<\/span><\/label><div class=\"div_text\"><input name=\"user_email\" type=\"email\" id=\"user_email\" value=\"\" class=\"textbox\" required  \/><\/div><label for=\"unternehmen_name\" class=\"text\">Unternehmen<span class=\"req\">*<\/span><\/label><div class=\"div_text\"><input name=\"unternehmen_name\" type=\"text\" id=\"unternehmen_name\" value=\"\" class=\"textbox\" required  \/><\/div><label for=\"password\" class=\"text\">Passwort<span class=\"req\">*<\/span><\/label><div class=\"div_text\"><input name=\"password\" type=\"password\" id=\"password\" class=\"textbox\" required  \/><\/div><label for=\"confirm_password\" class=\"text\">Passwort wiederholen<span class=\"req\">*<\/span><\/label><div class=\"div_text\"><input name=\"confirm_password\" type=\"password\" id=\"confirm_password\" class=\"textbox\" required  \/><\/div><label for=\"zustimmung1\" class=\"checkbox\">Ich stimme der Speicherung und Verarbeitung meiner pers\u00f6nlichen Daten durch die PROXESS GmbH zu.<span class=\"req\">*<\/span><\/label><div class=\"div_checkbox\"><input name=\"zustimmung1\" type=\"checkbox\" id=\"zustimmung1\" value=\"ja\" required  \/><\/div><label for=\"zustimmung_infos\" class=\"checkbox\">Mit der Registrierung bin ich einverstanden, dass ich \u00fcber Updates im Partnerportal \u00fcber meine angegebene E-Mail-Adresse informiert werde.<span class=\"req\">*<\/span><\/label><div class=\"div_checkbox\"><input name=\"zustimmung_infos\" type=\"checkbox\" id=\"zustimmung_infos\" value=\"ja\" required  \/><\/div><div class=\"div_text\">Really Simple CAPTCHA is not enabled<\/div><input name=\"a\" type=\"hidden\" value=\"register\" \/><input name=\"wpmem_reg_page\" type=\"hidden\" value=\"https:\/\/partner.proxess.de\/de\/registrierung\/\" \/><div class=\"button_div\"><input name=\"submit\" type=\"submit\" value=\"Registrieren\" class=\"buttons\" \/><\/div><div class=\"req-text\"><span class=\"req\">*<\/span>Pflichtfeld<\/div><\/fieldset><\/form><\/div>\n<\/div><div class=\"fusion-clearfix\"><\/div><\/div><\/div><\/div><\/div>\n","protected":false},"excerpt":{"rendered":"","protected":false},"author":274,"featured_media":0,"parent":0,"menu_order":170,"comment_status":"closed","ping_status":"closed","template":"","meta":{"footnotes":""},"class_list":["post-2119","page","type-page","status-publish","hentry"],"yoast_head":"<!-- This site is optimized with the Yoast SEO plugin v27.4 - https:\/\/yoast.com\/product\/yoast-seo-wordpress\/ -->\n<title>Registrierung - PROXESS Partnerportal<\/title>\n<meta name=\"robots\" content=\"noindex, follow, max-snippet:-1, max-image-preview:large, max-video-preview:-1\" \/>\n<meta property=\"og:locale\" content=\"de_DE\" \/>\n<meta property=\"og:type\" content=\"article\" \/>\n<meta property=\"og:title\" content=\"Registrierung - PROXESS Partnerportal\" \/>\n<meta property=\"og:url\" content=\"https:\/\/partner.proxess.de\/de\/registrierung\/\" \/>\n<meta property=\"og:site_name\" content=\"PROXESS Partnerportal\" \/>\n<meta property=\"article:modified_time\" content=\"2025-07-03T07:43:59+00:00\" \/>\n<meta name=\"twitter:card\" content=\"summary_large_image\" \/>\n<meta name=\"twitter:label1\" content=\"Gesch\u00e4tzte Lesezeit\" \/>\n\t<meta name=\"twitter:data1\" content=\"7\u00a0Minuten\" \/>\n<script type=\"application\/ld+json\" class=\"yoast-schema-graph\">{\"@context\":\"https:\\\/\\\/schema.org\",\"@graph\":[{\"@type\":\"WebPage\",\"@id\":\"https:\\\/\\\/partner.proxess.de\\\/de\\\/registrierung\\\/\",\"url\":\"https:\\\/\\\/partner.proxess.de\\\/de\\\/registrierung\\\/\",\"name\":\"Registrierung - PROXESS Partnerportal\",\"isPartOf\":{\"@id\":\"https:\\\/\\\/partner.proxess.de\\\/de\\\/#website\"},\"datePublished\":\"2017-03-15T15:57:54+00:00\",\"dateModified\":\"2025-07-03T07:43:59+00:00\",\"breadcrumb\":{\"@id\":\"https:\\\/\\\/partner.proxess.de\\\/de\\\/registrierung\\\/#breadcrumb\"},\"inLanguage\":\"de\",\"potentialAction\":[{\"@type\":\"ReadAction\",\"target\":[\"https:\\\/\\\/partner.proxess.de\\\/de\\\/registrierung\\\/\"]}]},{\"@type\":\"BreadcrumbList\",\"@id\":\"https:\\\/\\\/partner.proxess.de\\\/de\\\/registrierung\\\/#breadcrumb\",\"itemListElement\":[{\"@type\":\"ListItem\",\"position\":1,\"name\":\"Start\",\"item\":\"https:\\\/\\\/partner.proxess.de\\\/de\\\/\"},{\"@type\":\"ListItem\",\"position\":2,\"name\":\"Registrierung\"}]},{\"@type\":\"WebSite\",\"@id\":\"https:\\\/\\\/partner.proxess.de\\\/de\\\/#website\",\"url\":\"https:\\\/\\\/partner.proxess.de\\\/de\\\/\",\"name\":\"PROXESS Partnerportal\",\"description\":\"Welcome to team PROXESS\",\"potentialAction\":[{\"@type\":\"SearchAction\",\"target\":{\"@type\":\"EntryPoint\",\"urlTemplate\":\"https:\\\/\\\/partner.proxess.de\\\/de\\\/?s={search_term_string}\"},\"query-input\":{\"@type\":\"PropertyValueSpecification\",\"valueRequired\":true,\"valueName\":\"search_term_string\"}}],\"inLanguage\":\"de\"}]}<\/script>\n<!-- \/ Yoast SEO plugin. -->","yoast_head_json":{"title":"Registrierung - PROXESS Partnerportal","robots":{"index":"noindex","follow":"follow","max-snippet":"max-snippet:-1","max-image-preview":"max-image-preview:large","max-video-preview":"max-video-preview:-1"},"og_locale":"de_DE","og_type":"article","og_title":"Registrierung - PROXESS Partnerportal","og_url":"https:\/\/partner.proxess.de\/de\/registrierung\/","og_site_name":"PROXESS Partnerportal","article_modified_time":"2025-07-03T07:43:59+00:00","twitter_card":"summary_large_image","twitter_misc":{"Gesch\u00e4tzte Lesezeit":"7\u00a0Minuten"},"schema":{"@context":"https:\/\/schema.org","@graph":[{"@type":"WebPage","@id":"https:\/\/partner.proxess.de\/de\/registrierung\/","url":"https:\/\/partner.proxess.de\/de\/registrierung\/","name":"Registrierung - PROXESS Partnerportal","isPartOf":{"@id":"https:\/\/partner.proxess.de\/de\/#website"},"datePublished":"2017-03-15T15:57:54+00:00","dateModified":"2025-07-03T07:43:59+00:00","breadcrumb":{"@id":"https:\/\/partner.proxess.de\/de\/registrierung\/#breadcrumb"},"inLanguage":"de","potentialAction":[{"@type":"ReadAction","target":["https:\/\/partner.proxess.de\/de\/registrierung\/"]}]},{"@type":"BreadcrumbList","@id":"https:\/\/partner.proxess.de\/de\/registrierung\/#breadcrumb","itemListElement":[{"@type":"ListItem","position":1,"name":"Start","item":"https:\/\/partner.proxess.de\/de\/"},{"@type":"ListItem","position":2,"name":"Registrierung"}]},{"@type":"WebSite","@id":"https:\/\/partner.proxess.de\/de\/#website","url":"https:\/\/partner.proxess.de\/de\/","name":"PROXESS Partnerportal","description":"Welcome to team PROXESS","potentialAction":[{"@type":"SearchAction","target":{"@type":"EntryPoint","urlTemplate":"https:\/\/partner.proxess.de\/de\/?s={search_term_string}"},"query-input":{"@type":"PropertyValueSpecification","valueRequired":true,"valueName":"search_term_string"}}],"inLanguage":"de"}]}},"_links":{"self":[{"href":"https:\/\/partner.proxess.de\/de\/wp-json\/wp\/v2\/pages\/2119","targetHints":{"allow":["GET"]}}],"collection":[{"href":"https:\/\/partner.proxess.de\/de\/wp-json\/wp\/v2\/pages"}],"about":[{"href":"https:\/\/partner.proxess.de\/de\/wp-json\/wp\/v2\/types\/page"}],"author":[{"embeddable":true,"href":"https:\/\/partner.proxess.de\/de\/wp-json\/wp\/v2\/users\/274"}],"replies":[{"embeddable":true,"href":"https:\/\/partner.proxess.de\/de\/wp-json\/wp\/v2\/comments?post=2119"}],"version-history":[{"count":28,"href":"https:\/\/partner.proxess.de\/de\/wp-json\/wp\/v2\/pages\/2119\/revisions"}],"predecessor-version":[{"id":51765,"href":"https:\/\/partner.proxess.de\/de\/wp-json\/wp\/v2\/pages\/2119\/revisions\/51765"}],"wp:attachment":[{"href":"https:\/\/partner.proxess.de\/de\/wp-json\/wp\/v2\/media?parent=2119"}],"curies":[{"name":"wp","href":"https:\/\/api.w.org\/{rel}","templated":true}]}}